{"id":6,"date":"2022-11-11T03:04:25","date_gmt":"2022-11-11T08:04:25","guid":{"rendered":"http:\/\/www.gworks-ec.com\/?page_id=6"},"modified":"2026-03-27T15:59:34","modified_gmt":"2026-03-27T20:59:34","slug":"inicio","status":"publish","type":"page","link":"https:\/\/www.gworks-ec.com\/en\/","title":{"rendered":"gWorks Cloud Solutions"},"content":{"rendered":"<blockquote class=\"wp-block-quote is-layout-flow wp-block-quote-is-layout-flow\">\n<h2 class=\"wp-block-heading\">If you can dream it, we can do it.<\/h2>\n<\/blockquote>\n\n\n\n<p class=\"has-text-align-center\">We are a multidisciplinary team with specialization and high capabilities in technological fields, consulting, training, design, implementation and management of technological solutions both on-premise and in the cloud, communications and data networks, information security and business intelligence.<\/p>\n\n\n\n<div class=\"wp-block-group alignfull has-background has-global-padding is-layout-constrained wp-block-group-is-layout-constrained\" style=\"background-color:#ececec\">\n<div class=\"wp-block-columns is-layout-flex wp-container-core-columns-is-layout-28f84493 wp-block-columns-is-layout-flex\">\n<div class=\"wp-block-column is-vertically-aligned-center is-layout-flow wp-block-column-is-layout-flow\">\n<h2 style=\"color:#EF9C02;\">Our contribution<\/h2>\n\n\n\n<p>Organizations need to focus their efforts on the development of activities that generate value and productivity for their business, entrusting their technology services to expert providers with specialized and trained resources.<\/p>\n\n\n\n<div class=\"wp-block-columns is-layout-flex wp-container-core-columns-is-layout-28f84493 wp-block-columns-is-layout-flex\">\n<div class=\"wp-block-column is-vertically-aligned-center is-layout-flow wp-block-column-is-layout-flow\" style=\"flex-basis:10%\">\n<figure class=\"wp-block-image size-full is-resized\"><img loading=\"lazy\" decoding=\"async\" width=\"438\" height=\"500\" src=\"https:\/\/www.gworks-ec.com\/nia\/uploads\/2023\/09\/icon-king.png\" alt=\"\" class=\"wp-image-198\" style=\"object-fit:contain;width:50px;height:48px\" srcset=\"https:\/\/www.gworks-ec.com\/nia\/uploads\/2023\/09\/icon-king.png 438w, https:\/\/www.gworks-ec.com\/nia\/uploads\/2023\/09\/icon-king-263x300.png 263w, https:\/\/www.gworks-ec.com\/nia\/uploads\/2023\/09\/icon-king-11x12.png 11w\" sizes=\"auto, (max-width: 438px) 100vw, 438px\" \/><\/figure>\n<\/div>\n\n\n\n<div class=\"wp-block-column is-layout-flow wp-block-column-is-layout-flow\" style=\"flex-basis:90%\">\n<p><strong>Strategic Level<\/strong>, <br>as in the planning and technological maturity of your company.<\/p>\n<\/div>\n<\/div>\n\n\n\n<div class=\"wp-block-columns is-layout-flex wp-container-core-columns-is-layout-28f84493 wp-block-columns-is-layout-flex\">\n<div class=\"wp-block-column is-vertically-aligned-center is-layout-flow wp-block-column-is-layout-flow\" style=\"flex-basis:10%\">\n<figure class=\"wp-block-image size-full is-resized\"><img loading=\"lazy\" decoding=\"async\" width=\"500\" height=\"500\" src=\"https:\/\/www.gworks-ec.com\/nia\/uploads\/2023\/09\/icon-bishop.png\" alt=\"\" class=\"wp-image-197\" style=\"object-fit:contain;width:50px;height:50px\" srcset=\"https:\/\/www.gworks-ec.com\/nia\/uploads\/2023\/09\/icon-bishop.png 500w, https:\/\/www.gworks-ec.com\/nia\/uploads\/2023\/09\/icon-bishop-300x300.png 300w, https:\/\/www.gworks-ec.com\/nia\/uploads\/2023\/09\/icon-bishop-150x150.png 150w, https:\/\/www.gworks-ec.com\/nia\/uploads\/2023\/09\/icon-bishop-12x12.png 12w\" sizes=\"auto, (max-width: 500px) 100vw, 500px\" \/><\/figure>\n<\/div>\n\n\n\n<div class=\"wp-block-column is-layout-flow wp-block-column-is-layout-flow\" style=\"flex-basis:90%\">\n<p><strong>Functional Level<\/strong>, <br>to improve the management of your company, processes and technology. <\/p>\n<\/div>\n<\/div>\n\n\n\n<div class=\"wp-block-columns is-layout-flex wp-container-core-columns-is-layout-28f84493 wp-block-columns-is-layout-flex\">\n<div class=\"wp-block-column is-vertically-aligned-center is-layout-flow wp-block-column-is-layout-flow\" style=\"flex-basis:10%\">\n<figure class=\"wp-block-image size-full is-resized\"><img loading=\"lazy\" decoding=\"async\" width=\"500\" height=\"500\" src=\"https:\/\/www.gworks-ec.com\/nia\/uploads\/2023\/09\/icon-pawn.png\" alt=\"\" class=\"wp-image-199\" style=\"object-fit:contain;width:50px;height:50px\" srcset=\"https:\/\/www.gworks-ec.com\/nia\/uploads\/2023\/09\/icon-pawn.png 500w, https:\/\/www.gworks-ec.com\/nia\/uploads\/2023\/09\/icon-pawn-300x300.png 300w, https:\/\/www.gworks-ec.com\/nia\/uploads\/2023\/09\/icon-pawn-150x150.png 150w, https:\/\/www.gworks-ec.com\/nia\/uploads\/2023\/09\/icon-pawn-12x12.png 12w\" sizes=\"auto, (max-width: 500px) 100vw, 500px\" \/><\/figure>\n<\/div>\n\n\n\n<div class=\"wp-block-column is-layout-flow wp-block-column-is-layout-flow\" style=\"flex-basis:90%\">\n<p><strong>Operative Level<\/strong>, <br>in the execution of specific tasks in the technological field.<\/p>\n<\/div>\n<\/div>\n\n\n\n<div class=\"wp-block-buttons is-horizontal is-content-justification-left is-layout-flex wp-container-core-buttons-is-layout-20be11b6 wp-block-buttons-is-layout-flex\">\n<div class=\"wp-block-button is-style-outline is-style-outline--1\"><a class=\"wp-block-button__link wp-element-button\" href=\"#\">OUR TEAM<\/a><\/div>\n<\/div>\n\n\n\n<p><\/p>\n<\/div>\n\n\n\n<div class=\"wp-block-column is-layout-flow wp-block-column-is-layout-flow\">\n<div style=\"height:48px\" aria-hidden=\"true\" class=\"wp-block-spacer\"><\/div>\n\n\n\n<figure class=\"wp-block-image size-full\"><img loading=\"lazy\" decoding=\"async\" width=\"1000\" height=\"500\" src=\"https:\/\/www.gworks-ec.com\/nia\/uploads\/2022\/11\/gworks-EC_Logo_blue.png\" alt=\"\" class=\"wp-image-25\" srcset=\"https:\/\/www.gworks-ec.com\/nia\/uploads\/2022\/11\/gworks-EC_Logo_blue.png 1000w, https:\/\/www.gworks-ec.com\/nia\/uploads\/2022\/11\/gworks-EC_Logo_blue-300x150.png 300w, https:\/\/www.gworks-ec.com\/nia\/uploads\/2022\/11\/gworks-EC_Logo_blue-768x384.png 768w, https:\/\/www.gworks-ec.com\/nia\/uploads\/2022\/11\/gworks-EC_Logo_blue-18x9.png 18w\" sizes=\"auto, (max-width: 1000px) 100vw, 1000px\" \/><\/figure>\n<\/div>\n<\/div>\n<\/div>\n\n\n\n<div class=\"wp-block-group alignfull has-global-padding is-layout-constrained wp-block-group-is-layout-constrained\">\n<div class=\"wp-block-columns is-layout-flex wp-container-core-columns-is-layout-28f84493 wp-block-columns-is-layout-flex\">\n<div class=\"wp-block-column is-vertically-aligned-top is-layout-flow wp-block-column-is-layout-flow\">\n<div style=\"height:48px\" aria-hidden=\"true\" class=\"wp-block-spacer\"><\/div>\n\n\n\n<figure class=\"wp-block-image size-large\"><img loading=\"lazy\" decoding=\"async\" width=\"1024\" height=\"459\" src=\"https:\/\/www.gworks-ec.com\/nia\/uploads\/2022\/11\/gWorks-dcground-1024x459.png\" alt=\"\" class=\"wp-image-66\" srcset=\"https:\/\/www.gworks-ec.com\/nia\/uploads\/2022\/11\/gWorks-dcground-1024x459.png 1024w, https:\/\/www.gworks-ec.com\/nia\/uploads\/2022\/11\/gWorks-dcground-300x134.png 300w, https:\/\/www.gworks-ec.com\/nia\/uploads\/2022\/11\/gWorks-dcground-768x344.png 768w, https:\/\/www.gworks-ec.com\/nia\/uploads\/2022\/11\/gWorks-dcground-18x8.png 18w, https:\/\/www.gworks-ec.com\/nia\/uploads\/2022\/11\/gWorks-dcground.png 1428w\" sizes=\"auto, (max-width: 1024px) 100vw, 1024px\" \/><\/figure>\n<\/div>\n\n\n\n<div class=\"wp-block-column is-vertically-aligned-center is-layout-flow wp-block-column-is-layout-flow\">\n<h2 class=\"wp-block-heading\">Our services<\/h2>\n\n\n\n<p>As a team specialized in consulting, training, design, implementation and management of technological, communications, information security and business intelligence solutions, we are pleased to offer you our services and products in the following areas:<\/p>\n\n\n\n<ul class=\"wp-block-list\">\n<li>Information technology consulting.<\/li>\n<\/ul>\n\n\n\n<ul class=\"wp-block-list\">\n<li>Business Intelligence, to improve your business.<\/li>\n<\/ul>\n\n\n\n<ul class=\"wp-block-list\">\n<li>ITC &amp; Cloud Solutions, technology, data networks and securities.<\/li>\n<\/ul>\n\n\n\n<ul class=\"wp-block-list\">\n<li>Software Development Solutions, application development.<\/li>\n<\/ul>\n\n\n\n<div class=\"wp-block-buttons is-layout-flex wp-block-buttons-is-layout-flex\" id=\"proyectos\">\n<div class=\"wp-block-button is-style-outline is-style-outline--2\"><a class=\"wp-block-button__link wp-element-button\" href=\"https:\/\/www.gworks-ec.com\/en\/nuestros-servicios-profesionales\/\">SOLUTIONS PORTFOLIO<\/a><\/div>\n<\/div>\n<\/div>\n<\/div>\n<\/div>\n\n\n\n<div class=\"wp-block-group alignfull has-background is-layout-flow wp-block-group-is-layout-flow\" style=\"background-color:#40404061\">\n<h2 class=\"wp-block-heading has-text-align-center has-white-color has-text-color\">Our projects<\/h2>\n\n\n\n<div class=\"wp-block-columns is-layout-flex wp-container-core-columns-is-layout-28f84493 wp-block-columns-is-layout-flex\">\n<div class=\"wp-block-column is-layout-flow wp-block-column-is-layout-flow\" style=\"flex-basis:100%\">\n<div class=\"wp-block-columns is-layout-flex wp-container-core-columns-is-layout-28f84493 wp-block-columns-is-layout-flex\">\n<div class=\"wp-block-column is-vertically-aligned-center is-layout-flow wp-block-column-is-layout-flow\" style=\"flex-basis:100%\">\n\t\t<!-- MasterSlider -->\n\t\t<div id=\"P_MS6a007563b764c\" class=\"master-slider-parent msl ms-parent-id-1\" style=\"max-width:800px;\">\n\n\t\t\t\n\t\t\t<!-- MasterSlider Main -->\n\t\t\t<div id=\"MS6a007563b764c\" class=\"master-slider ms-skin-default\" >\n\t\t\t\t \t\t\t\t \n\t\t\t\t<div  class=\"ms-slide\" data-delay=\"2\" data-fill-mode=\"fit\"  >\n\t\t\t\t\t<img decoding=\"async\" src=\"https:\/\/www.gworks-ec.com\/nia\/plugins\/master-slider\/public\/assets\/css\/blank.gif\" alt=\"\" title=\"\" data-src=\"https:\/\/www.gworks-ec.com\/nia\/uploads\/2023\/09\/GONAVSA_logo-1.png\" \/>\n\n\n\t<div class=\"ms-thumb\" ><div class=\"ms-tab-context\"><div class=\"&quot;ms-tab-context&quot;\"><\/div><\/div>\n<\/div>\n\t\t\t\t<\/div>\n\t\t\t\t<div  class=\"ms-slide\" data-delay=\"2\" data-fill-mode=\"fit\"  >\n\t\t\t\t\t<img decoding=\"async\" src=\"https:\/\/www.gworks-ec.com\/nia\/plugins\/master-slider\/public\/assets\/css\/blank.gif\" alt=\"\" title=\"\" data-src=\"https:\/\/www.gworks-ec.com\/nia\/uploads\/2023\/09\/GONAVSAgasoil_logo-1.png\" \/>\n\n\n\t<div class=\"ms-thumb\" ><div class=\"ms-tab-context\"><div class=\"&quot;ms-tab-context&quot;\"><\/div><\/div>\n<\/div>\n\t\t\t\t<\/div>\n\t\t\t\t<div  class=\"ms-slide\" data-delay=\"2\" data-fill-mode=\"fit\"  >\n\t\t\t\t\t<img decoding=\"async\" src=\"https:\/\/www.gworks-ec.com\/nia\/plugins\/master-slider\/public\/assets\/css\/blank.gif\" alt=\"\" title=\"\" data-src=\"https:\/\/www.gworks-ec.com\/nia\/uploads\/2023\/09\/Pilot_logo-1.png\" \/>\n\n\n\t<div class=\"ms-thumb\" ><div class=\"ms-tab-context\"><div class=\"&quot;ms-tab-context&quot;\"><\/div><\/div>\n<\/div>\n\t\t\t\t<\/div>\n\t\t\t\t<div  class=\"ms-slide\" data-delay=\"2\" data-fill-mode=\"fit\"  >\n\t\t\t\t\t<img decoding=\"async\" src=\"https:\/\/www.gworks-ec.com\/nia\/plugins\/master-slider\/public\/assets\/css\/blank.gif\" alt=\"\" title=\"\" data-src=\"https:\/\/www.gworks-ec.com\/nia\/uploads\/2023\/09\/Everblue_logo-1.png\" \/>\n\n\n\t<div class=\"ms-thumb\" ><div class=\"ms-tab-context\"><div class=\"&quot;ms-tab-context&quot;\"><\/div><\/div>\n<\/div>\n\t\t\t\t<\/div>\n\t\t\t\t<div  class=\"ms-slide\" data-delay=\"2\" data-fill-mode=\"center\"  >\n\t\t\t\t\t<img decoding=\"async\" src=\"https:\/\/www.gworks-ec.com\/nia\/plugins\/master-slider\/public\/assets\/css\/blank.gif\" alt=\"\" title=\"\" data-src=\"https:\/\/www.gworks-ec.com\/nia\/uploads\/2023\/09\/Kampik_logo-1.png\" \/>\n\t<a href=\"https:\/\/www.kampik.com.ec\" target=\"_blank\"    ><\/a>\n\n\n\t<div class=\"ms-thumb\" ><div class=\"ms-tab-context\"><div class=\"&quot;ms-tab-context&quot;\"><\/div><\/div>\n<\/div>\n\t\t\t\t<\/div>\n\t\t\t\t<div  class=\"ms-slide\" data-delay=\"2\" data-fill-mode=\"fit\"  >\n\t\t\t\t\t<img decoding=\"async\" src=\"https:\/\/www.gworks-ec.com\/nia\/plugins\/master-slider\/public\/assets\/css\/blank.gif\" alt=\"\" title=\"\" data-src=\"https:\/\/www.gworks-ec.com\/nia\/uploads\/2023\/10\/SERCOP_OCDS-1st.png\" \/>\n\t<a href=\"https:\/\/www.gworks-ec.com\/en\/contratacion-publica-en-el-ecuador\/\"     ><\/a>\n\n\n\t<div class=\"ms-thumb\" ><div class=\"ms-tab-context\"><div class=\"&quot;ms-tab-context&quot;\"><\/div><\/div>\n<\/div>\n\t\t\t\t<\/div>\n\t\t\t\t<div  class=\"ms-slide\" data-delay=\"2\" data-fill-mode=\"fit\"  >\n\t\t\t\t\t<img decoding=\"async\" src=\"https:\/\/www.gworks-ec.com\/nia\/plugins\/master-slider\/public\/assets\/css\/blank.gif\" alt=\"\" title=\"\" data-src=\"https:\/\/www.gworks-ec.com\/nia\/uploads\/2026\/03\/cloud4u_logo.png\" \/>\n\t<a href=\"https:\/\/www.gworks-ec.com\/en\/cloud4u\/\"     ><\/a>\n\n\n\t<div class=\"ms-thumb\" ><div class=\"ms-tab-context\"><div class=\"&quot;ms-tab-context&quot;\"><\/div><\/div>\n<\/div>\n\t\t\t\t<\/div>\n\n\t\t\t<\/div>\n\t\t\t<!-- END MasterSlider Main -->\n\n\t\t\t \n\t\t<\/div>\n\t\t<!-- END MasterSlider -->\n\n\t\t<script>\n\t\t(function ( $ ) {\n\t\t\t\"use strict\";\n\n\t\t\t$(function () {\n\t\t\t\tvar masterslider_764c = new MasterSlider();\n\n\t\t\t\t\/\/ slider controls\n\t\t\t\tmasterslider_764c.control('arrows'     ,{ autohide:true, overVideo:false  });\n\t\t\t\t\/\/ slider setup\n\t\t\t\tmasterslider_764c.setup(\"MS6a007563b764c\", {\n\t\t\t\t\t\twidth           : 600,\n\t\t\t\t\t\theight          : 360,\n\t\t\t\t\t\tminHeight       : 0,\n\t\t\t\t\t\tspace           : 0,\n\t\t\t\t\t\tstart           : 1,\n\t\t\t\t\t\tgrabCursor      : true,\n\t\t\t\t\t\tswipe           : true,\n\t\t\t\t\t\tmouse           : true,\n\t\t\t\t\t\tlayout          : \"boxed\",\n\t\t\t\t\t\twheel           : false,\n\t\t\t\t\t\tautoplay        : true,\n\t\t\t\t\t\tinstantStartLayers:false,\n\t\t\t\t\t\tloop            : true,\n\t\t\t\t\t\tshuffle         : false,\n\t\t\t\t\t\tpreload         : 0,\n\t\t\t\t\t\theightLimit     : true,\n\t\t\t\t\t\tautoHeight      : false,\n\t\t\t\t\t\tsmoothHeight    : true,\n\t\t\t\t\t\tendPause        : false,\n\t\t\t\t\t\toverPause       : true,\n\t\t\t\t\t\tfillMode        : \"fill\",\n\t\t\t\t\t\tcenterControls  : true,\n\t\t\t\t\t\tstartOnAppear   : false,\n\t\t\t\t\t\tlayersMode      : \"center\",\n\t\t\t\t\t\thideLayers      : false,\n\t\t\t\t\t\tfullscreenMargin: 0,\n\t\t\t\t\t\tspeed           : 2,\n\t\t\t\t\t\tdir             : \"h\",\n\t\t\t\t\t\tparallaxMode    : 'swipe',\n\t\t\t\t\t\tview            : \"basic\"\n\t\t\t\t});\n\n\t\t\t\t\n\t\t\t\twindow.masterslider_instances = window.masterslider_instances || [];\n\t\t\t\twindow.masterslider_instances.push( masterslider_764c );\n\t\t\t });\n\n\t\t})(jQuery);\n\t\t<\/script>\n\n\n<\/div>\n<\/div>\n<\/div>\n<\/div>\n<\/div>\n\n\n\n<div class=\"wp-block-cover alignfull has-parallax is-position-center-center\" style=\"min-height:450px;aspect-ratio:unset;\"><div class=\"wp-block-cover__image-background wp-image-68 has-parallax\" style=\"background-position:50% 50%;background-image:url(https:\/\/www.gworks-ec.com\/nia\/uploads\/2022\/11\/gWorks-sections.jpg)\"><\/div><span aria-hidden=\"true\" class=\"wp-block-cover__background has-black-background-color has-background-dim-40 has-background-dim\"><\/span><div class=\"wp-block-cover__inner-container is-layout-flow wp-block-cover-is-layout-flow\">\n<p class=\"has-text-align-center has-text-color has-huge-font-size\" id=\"contactenos\" style=\"color:#fffffa;line-height:1.1\"><strong>Contact Us<\/strong><\/p>\n\n\n\n<p class=\"has-text-align-center has-huge-font-size\" style=\"color: #07afee;\"><a target=\"_blank\" href=\"mailto:info@gworks-ec.com\"><i class=\"fa-solid fa-envelope\" style=\"color: #ef9c02;\"><\/i><\/a> | <a target=\"_blank\" href=\"https:\/\/wa.me\/593996994143\"><i class=\"fa-brands fa-whatsapp\" style=\"color: #ef9c02;\"><\/i><\/a> | <a target=\"_blank\" href=\"https:\/\/x.com\/gworksEC\"><i class=\"fa-brands fa-x-twitter\" style=\"color: #ef9c02;\"><\/i><\/a> | <a target=\"_blank\" href=\"https:\/\/www.facebook.com\/gWorksEC\"><i class=\"fa-brands fa-facebook\" style=\"color: #ef9c02;\"><\/i><\/a><\/p>\n<\/div><\/div>","protected":false},"excerpt":{"rendered":"<p>Si usted lo puede so\u00f1ar, nosotros lo podemos hacer. Somos un equipo multidisciplinario con especializaci\u00f3n y altas capacidades en \u00e1mbitos tecnol\u00f3gicos, consultor\u00eda, capacitaci\u00f3n, dise\u00f1o, implantaci\u00f3n y gesti\u00f3n de soluciones tecnol\u00f3gicas tanto onpremise como en nube, de comunicaciones y redes de datos, seguridad de la informaci\u00f3n e inteligencia de negocios. Nuestro aporte Las organizaciones necesitan enfocar &hellip; <\/p>\n<p class=\"link-more\"><a href=\"https:\/\/www.gworks-ec.com\/en\/\" class=\"more-link\">Read more<span class=\"screen-reader-text\"> &#8220;gWorks Cloud Solutions&#8221;<\/span><\/a><\/p>","protected":false},"author":1,"featured_media":11,"parent":0,"menu_order":0,"comment_status":"closed","ping_status":"closed","template":"","meta":{"inspiro_hide_title":false,"footnotes":""},"class_list":["post-6","page","type-page","status-publish","has-post-thumbnail","hentry"],"_links":{"self":[{"href":"https:\/\/www.gworks-ec.com\/en\/wp-json\/wp\/v2\/pages\/6","targetHints":{"allow":["GET"]}}],"collection":[{"href":"https:\/\/www.gworks-ec.com\/en\/wp-json\/wp\/v2\/pages"}],"about":[{"href":"https:\/\/www.gworks-ec.com\/en\/wp-json\/wp\/v2\/types\/page"}],"author":[{"embeddable":true,"href":"https:\/\/www.gworks-ec.com\/en\/wp-json\/wp\/v2\/users\/1"}],"replies":[{"embeddable":true,"href":"https:\/\/www.gworks-ec.com\/en\/wp-json\/wp\/v2\/comments?post=6"}],"version-history":[{"count":91,"href":"https:\/\/www.gworks-ec.com\/en\/wp-json\/wp\/v2\/pages\/6\/revisions"}],"predecessor-version":[{"id":503,"href":"https:\/\/www.gworks-ec.com\/en\/wp-json\/wp\/v2\/pages\/6\/revisions\/503"}],"wp:featuredmedia":[{"embeddable":true,"href":"https:\/\/www.gworks-ec.com\/en\/wp-json\/wp\/v2\/media\/11"}],"wp:attachment":[{"href":"https:\/\/www.gworks-ec.com\/en\/wp-json\/wp\/v2\/media?parent=6"}],"curies":[{"name":"wp","href":"https:\/\/api.w.org\/{rel}","templated":true}]}}