{"id":176,"date":"2023-09-22T08:54:01","date_gmt":"2023-09-22T13:54:01","guid":{"rendered":"https:\/\/www.gworks-ec.com\/?page_id=176"},"modified":"2025-03-15T07:37:53","modified_gmt":"2025-03-15T12:37:53","slug":"nuestros-servicios-profesionales","status":"publish","type":"page","link":"https:\/\/www.gworks-ec.com\/en\/nuestros-servicios-profesionales\/","title":{"rendered":"Our professional services"},"content":{"rendered":"<p>As a team specialized in consulting, training, design, implementation and management of technological, communications, information security and business intelligence solutions, we are pleased to offer you our services and products in the following areas:<br><br><\/p>\n\n\n\n<ul class=\"wp-block-list\">\n<li><strong>Information technology and security consulting.<\/strong><\/li>\n<\/ul>\n\n\n\n<div class=\"wp-block-group has-global-padding is-layout-constrained wp-block-group-is-layout-constrained\">\n<div class=\"wp-block-columns is-layout-flex wp-container-core-columns-is-layout-28f84493 wp-block-columns-is-layout-flex\">\n<div class=\"wp-block-column is-vertically-aligned-center is-layout-flow wp-block-column-is-layout-flow\" style=\"flex-basis:25%\">\n<figure class=\"wp-block-image aligncenter size-full is-resized\"><img loading=\"lazy\" decoding=\"async\" width=\"500\" height=\"500\" src=\"https:\/\/www.gworks-ec.com\/nia\/uploads\/2023\/09\/001.png\" alt=\"\" class=\"wp-image-183\" style=\"object-fit:contain;width:150px;height:150px\" srcset=\"https:\/\/www.gworks-ec.com\/nia\/uploads\/2023\/09\/001.png 500w, https:\/\/www.gworks-ec.com\/nia\/uploads\/2023\/09\/001-300x300.png 300w, https:\/\/www.gworks-ec.com\/nia\/uploads\/2023\/09\/001-150x150.png 150w, https:\/\/www.gworks-ec.com\/nia\/uploads\/2023\/09\/001-12x12.png 12w\" sizes=\"auto, (max-width: 500px) 100vw, 500px\" \/><\/figure>\n<\/div>\n\n\n\n<div class=\"wp-block-column is-layout-flow wp-block-column-is-layout-flow\" style=\"flex-basis:75%\">\n<p>Advice on all stages of technological project management: selection of market alternatives, definition of functional and technical requirements, evaluation of suppliers and solutions, advice on the acquisition of customized solutions, analysis of the state of systems and preparation of a plan of technological improvement.<\/p>\n<\/div>\n<\/div>\n<\/div>\n\n\n\n<ul class=\"wp-block-list\">\n<li><strong>Business Intelligence to improve your business.<\/strong><\/li>\n<\/ul>\n\n\n\n<div class=\"wp-block-group has-global-padding is-layout-constrained wp-block-group-is-layout-constrained\">\n<div class=\"wp-block-columns is-layout-flex wp-container-core-columns-is-layout-28f84493 wp-block-columns-is-layout-flex\">\n<div class=\"wp-block-column is-layout-flow wp-block-column-is-layout-flow\" style=\"flex-basis:75%\">\n<p>Business intelligence (BI) platforms use the information available throughout your company to discover areas for improvement or hidden problems that allow you to optimize business management, making it easier for users to analyze the data, make informed decisions. timely decisions and the search for competitive advantages.<\/p>\n<\/div>\n\n\n\n<div class=\"wp-block-column is-vertically-aligned-center is-layout-flow wp-block-column-is-layout-flow\" style=\"flex-basis:25%\">\n<figure class=\"wp-block-image aligncenter size-full is-resized\"><img loading=\"lazy\" decoding=\"async\" width=\"500\" height=\"500\" src=\"https:\/\/www.gworks-ec.com\/nia\/uploads\/2023\/09\/002.png\" alt=\"\" class=\"wp-image-184\" style=\"object-fit:contain;width:150px;height:150px\" srcset=\"https:\/\/www.gworks-ec.com\/nia\/uploads\/2023\/09\/002.png 500w, https:\/\/www.gworks-ec.com\/nia\/uploads\/2023\/09\/002-300x300.png 300w, https:\/\/www.gworks-ec.com\/nia\/uploads\/2023\/09\/002-150x150.png 150w, https:\/\/www.gworks-ec.com\/nia\/uploads\/2023\/09\/002-12x12.png 12w\" sizes=\"auto, (max-width: 500px) 100vw, 500px\" \/><\/figure>\n<\/div>\n<\/div>\n<\/div>\n\n\n\n<ul class=\"wp-block-list\">\n<li><strong>ITC &amp; Cloud Solutions: information technologies, communications and security.<\/strong><\/li>\n<\/ul>\n\n\n\n<div class=\"wp-block-group has-global-padding is-layout-constrained wp-block-group-is-layout-constrained\">\n<div class=\"wp-block-columns is-layout-flex wp-container-core-columns-is-layout-28f84493 wp-block-columns-is-layout-flex\">\n<div class=\"wp-block-column is-vertically-aligned-center is-layout-flow wp-block-column-is-layout-flow\" style=\"flex-basis:25%\">\n<figure class=\"wp-block-image aligncenter size-full is-resized\"><img loading=\"lazy\" decoding=\"async\" width=\"500\" height=\"500\" src=\"https:\/\/www.gworks-ec.com\/nia\/uploads\/2023\/09\/005.png\" alt=\"\" class=\"wp-image-187\" style=\"object-fit:contain;width:150px;height:150px\" srcset=\"https:\/\/www.gworks-ec.com\/nia\/uploads\/2023\/09\/005.png 500w, https:\/\/www.gworks-ec.com\/nia\/uploads\/2023\/09\/005-300x300.png 300w, https:\/\/www.gworks-ec.com\/nia\/uploads\/2023\/09\/005-150x150.png 150w, https:\/\/www.gworks-ec.com\/nia\/uploads\/2023\/09\/005-12x12.png 12w\" sizes=\"auto, (max-width: 500px) 100vw, 500px\" \/><\/figure>\n<\/div>\n\n\n\n<div class=\"wp-block-column is-layout-flow wp-block-column-is-layout-flow\" style=\"flex-basis:75%\">\n<p>Technology of our products and the best certified specialists team are your company's allies in the analysis, design and implementation of cloud solutions, data networks, network services, server configuration, data storage, logical and physical security.<\/p>\n<\/div>\n<\/div>\n<\/div>\n\n\n\n<ul class=\"wp-block-list\">\n<li><strong>Software Development Solutions: custom software development.<\/strong><\/li>\n<\/ul>\n\n\n\n<div class=\"wp-block-group has-global-padding is-layout-constrained wp-block-group-is-layout-constrained\">\n<div class=\"wp-block-columns is-layout-flex wp-container-core-columns-is-layout-28f84493 wp-block-columns-is-layout-flex\">\n<div class=\"wp-block-column is-layout-flow wp-block-column-is-layout-flow\" style=\"flex-basis:75%\">\n<p>Our team of certified programmers, analysts and engineers put their skill and experience at your service for the design and implementation of customized software solutions.<\/p>\n<\/div>\n\n\n\n<div class=\"wp-block-column is-vertically-aligned-center is-layout-flow wp-block-column-is-layout-flow\" style=\"flex-basis:25%\">\n<figure class=\"wp-block-image aligncenter size-full is-resized\"><img loading=\"lazy\" decoding=\"async\" width=\"500\" height=\"500\" src=\"https:\/\/www.gworks-ec.com\/nia\/uploads\/2023\/09\/004.png\" alt=\"\" class=\"wp-image-186\" style=\"object-fit:contain;width:150px;height:150px\" srcset=\"https:\/\/www.gworks-ec.com\/nia\/uploads\/2023\/09\/004.png 500w, https:\/\/www.gworks-ec.com\/nia\/uploads\/2023\/09\/004-300x300.png 300w, https:\/\/www.gworks-ec.com\/nia\/uploads\/2023\/09\/004-150x150.png 150w, https:\/\/www.gworks-ec.com\/nia\/uploads\/2023\/09\/004-12x12.png 12w\" sizes=\"auto, (max-width: 500px) 100vw, 500px\" \/><\/figure>\n<\/div>\n<\/div>\n<\/div>","protected":false},"excerpt":{"rendered":"<p>Como empresa especializada en consultor\u00eda, capacitaci\u00f3n, dise\u00f1o, implantaci\u00f3n y gesti\u00f3n de soluciones tecnol\u00f3gicas, de comunicaciones, seguridad de la informaci\u00f3n e inteligencia de negocios, nos es grato poner a su consideraci\u00f3n nuestros servicios y productos en las siguientes \u00e1reas: Asesor\u00eda en todas las etapas de la gesti\u00f3n de proyectos tecnol\u00f3gicos: selecci\u00f3n de alternativas de mercado, definici\u00f3n &hellip; <\/p>\n<p class=\"link-more\"><a href=\"https:\/\/www.gworks-ec.com\/en\/nuestros-servicios-profesionales\/\" class=\"more-link\">Read more<span class=\"screen-reader-text\"> &#8220;Nuestros servicios profesionales&#8221;<\/span><\/a><\/p>","protected":false},"author":1,"featured_media":0,"parent":0,"menu_order":0,"comment_status":"closed","ping_status":"closed","template":"","meta":{"inspiro_hide_title":false,"footnotes":""},"class_list":["post-176","page","type-page","status-publish","hentry"],"_links":{"self":[{"href":"https:\/\/www.gworks-ec.com\/en\/wp-json\/wp\/v2\/pages\/176","targetHints":{"allow":["GET"]}}],"collection":[{"href":"https:\/\/www.gworks-ec.com\/en\/wp-json\/wp\/v2\/pages"}],"about":[{"href":"https:\/\/www.gworks-ec.com\/en\/wp-json\/wp\/v2\/types\/page"}],"author":[{"embeddable":true,"href":"https:\/\/www.gworks-ec.com\/en\/wp-json\/wp\/v2\/users\/1"}],"replies":[{"embeddable":true,"href":"https:\/\/www.gworks-ec.com\/en\/wp-json\/wp\/v2\/comments?post=176"}],"version-history":[{"count":13,"href":"https:\/\/www.gworks-ec.com\/en\/wp-json\/wp\/v2\/pages\/176\/revisions"}],"predecessor-version":[{"id":402,"href":"https:\/\/www.gworks-ec.com\/en\/wp-json\/wp\/v2\/pages\/176\/revisions\/402"}],"wp:attachment":[{"href":"https:\/\/www.gworks-ec.com\/en\/wp-json\/wp\/v2\/media?parent=176"}],"curies":[{"name":"wp","href":"https:\/\/api.w.org\/{rel}","templated":true}]}}