{"id":10,"date":"2026-02-27T12:42:37","date_gmt":"2026-02-27T17:42:37","guid":{"rendered":"https:\/\/www.gworks-ec.com\/cloud4u\/?page_id=10"},"modified":"2026-03-10T22:17:28","modified_gmt":"2026-03-11T03:17:28","slug":"inicio","status":"publish","type":"page","link":"https:\/\/www.gworks-ec.com\/cloud4u\/","title":{"rendered":"Inicio"},"content":{"rendered":"\n<div class=\"wp-block-cover alignfull\" style=\"min-height:700px;aspect-ratio:unset;\"><span aria-hidden=\"true\" class=\"wp-block-cover__background has-ast-global-color-4-background-color has-background-dim-100 has-background-dim\"><\/span><div class=\"wp-block-cover__inner-container is-layout-flow wp-block-cover-is-layout-flow\">\n<div class=\"inherit-container-width wp-block-group alignwide is-layout-constrained wp-block-group-is-layout-constrained\">\n<div class=\"wp-block-media-text alignwide has-media-on-the-right is-stacked-on-mobile is-vertically-aligned-center\" style=\"grid-template-columns:auto 32%\"><div class=\"wp-block-media-text__content\">\n<h1 class=\"wp-block-heading has-text-align-left has-white-color has-text-color\"><span style=\"color:#00d2ff;text-shadow:0 0 30px rgba(0,210,255,0.6)\">BIENVENIDOS<\/span><\/h1>\n\n\n\n<p class=\"has-white-color has-text-color\">El entorno de entrenamiento pr\u00e1ctico Cloud 4 U est\u00e1 dise\u00f1ado para desarrollar habilidades reales en ciberseguridad ofensiva y defensiva. Aqu\u00ed no solo aprender\u00e1 teor\u00eda: <strong>pondr\u00e1 a prueba sus conocimientos aplic\u00e1ndolos en retos vulnerables controlados.<\/strong><\/p>\n\n\n\n<div class=\"wp-block-buttons is-layout-flex wp-block-buttons-is-layout-flex\">\n<div class=\"wp-block-button\"><a class=\"wp-block-button__link wp-element-button\" href=\"https:\/\/www.gworks-ec.com\/cloud4u\/reglamento\/\">Reglamento<\/a><\/div>\n<\/div>\n<\/div><figure class=\"wp-block-media-text__media\"><img loading=\"lazy\" decoding=\"async\" width=\"793\" height=\"964\" src=\"https:\/\/www.gworks-ec.com\/cloud4u\/kong\/2026\/02\/Templar-warrior.png\" alt=\"\" class=\"wp-image-69 size-full\" srcset=\"https:\/\/www.gworks-ec.com\/cloud4u\/kong\/2026\/02\/Templar-warrior.png 793w, https:\/\/www.gworks-ec.com\/cloud4u\/kong\/2026\/02\/Templar-warrior-247x300.png 247w, https:\/\/www.gworks-ec.com\/cloud4u\/kong\/2026\/02\/Templar-warrior-768x934.png 768w\" sizes=\"auto, (max-width: 793px) 100vw, 793px\" \/><\/figure><\/div>\n<\/div>\n<\/div><\/div>\n\n\n\n<div class=\"wp-block-group alignfull has-ast-global-color-5-background-color has-background is-layout-constrained wp-container-core-group-is-layout-9cedb757 wp-block-group-is-layout-constrained\" style=\"padding-bottom:0px\">\n<div class=\"wp-block-columns are-vertically-aligned-top is-layout-flex wp-container-core-columns-is-layout-00723822 wp-block-columns-is-layout-flex\">\n<div class=\"wp-block-column is-vertically-aligned-top is-layout-flow wp-container-core-column-is-layout-6b73ce23 wp-block-column-is-layout-flow\">\n<figure class=\"wp-block-image size-full is-resized\"><img loading=\"lazy\" decoding=\"async\" width=\"309\" height=\"225\" src=\"https:\/\/www.gworks-ec.com\/cloud4u\/kong\/2026\/03\/etica.png\" alt=\"\" class=\"wp-image-169\" style=\"aspect-ratio:1.2409375;object-fit:cover;width:auto;height:100px\" srcset=\"https:\/\/www.gworks-ec.com\/cloud4u\/kong\/2026\/03\/etica.png 309w, https:\/\/www.gworks-ec.com\/cloud4u\/kong\/2026\/03\/etica-300x218.png 300w\" sizes=\"auto, (max-width: 309px) 100vw, 309px\" \/><\/figure>\n\n\n\n<h3 class=\"wp-block-heading has-text-align-left\" style=\"margin-top:16px\">\u00c9tica<\/h3>\n\n\n\n<p class=\"has-text-align-left\">Las t\u00e9cnicas y herramientas aprendidas en esta plataforma deben utilizarse <strong>\u00fanicamente en entornos autorizados<\/strong>.<br><br><\/p>\n\n\n\n<figure class=\"wp-block-image size-full is-resized\"><img loading=\"lazy\" decoding=\"async\" width=\"298\" height=\"225\" src=\"https:\/\/www.gworks-ec.com\/cloud4u\/kong\/2026\/03\/respeto.png\" alt=\"\" class=\"wp-image-167\" style=\"width:auto;height:100px\"\/><\/figure>\n\n\n\n<h3 class=\"wp-block-heading has-text-align-left\" style=\"margin-top:16px\"><strong>Respeto<\/strong><\/h3>\n\n\n\n<p class=\"has-text-align-left\"><strong>No ataque la infraestructura<\/strong> del portal, use los recursos de forma responsable.<br><br><br><br><\/p>\n<\/div>\n\n\n\n<div class=\"wp-block-column is-vertically-aligned-top is-layout-flow wp-container-core-column-is-layout-6b73ce23 wp-block-column-is-layout-flow\">\n<figure class=\"wp-block-image size-full is-resized\"><img loading=\"lazy\" decoding=\"async\" width=\"333\" height=\"225\" src=\"https:\/\/www.gworks-ec.com\/cloud4u\/kong\/2026\/03\/aprendizaje.png\" alt=\"\" class=\"wp-image-168\" style=\"width:auto;height:100px\" srcset=\"https:\/\/www.gworks-ec.com\/cloud4u\/kong\/2026\/03\/aprendizaje.png 333w, https:\/\/www.gworks-ec.com\/cloud4u\/kong\/2026\/03\/aprendizaje-300x203.png 300w\" sizes=\"auto, (max-width: 333px) 100vw, 333px\" \/><\/figure>\n\n\n\n<h3 class=\"wp-block-heading has-text-align-left\" style=\"margin-top:16px\"><strong>Aprendizaje<\/strong><\/h3>\n\n\n\n<p class=\"has-text-align-left\">Investigue a profundidad  y <strong>documente su proceso de resoluci\u00f3n <\/strong>para cada reto aplicado.<br><br><\/p>\n\n\n\n<figure class=\"wp-block-image size-full is-resized\"><img loading=\"lazy\" decoding=\"async\" width=\"367\" height=\"225\" src=\"https:\/\/www.gworks-ec.com\/cloud4u\/kong\/2026\/03\/colaboracion.png\" alt=\"\" class=\"wp-image-166\" style=\"width:auto;height:100px\" srcset=\"https:\/\/www.gworks-ec.com\/cloud4u\/kong\/2026\/03\/colaboracion.png 367w, https:\/\/www.gworks-ec.com\/cloud4u\/kong\/2026\/03\/colaboracion-300x184.png 300w\" sizes=\"auto, (max-width: 367px) 100vw, 367px\" \/><\/figure>\n\n\n\n<h3 class=\"wp-block-heading has-text-align-left\" style=\"margin-top:16px\">Colaboraci\u00f3n<\/h3>\n\n\n\n<p class=\"has-text-align-left\"><strong>Comparta el conocimiento<\/strong>, no soluciones, ayude a otros estudiantes sin revelar las <em>flags<\/em> obtenidas.<br><br><br><br><\/p>\n<\/div>\n<\/div>\n<\/div>\n\n\n\n<div style=\"background-image:url(&apos;https:\/\/www.gworks-ec.com\/cloud4u\/kong\/2026\/02\/data-network-connected-adobe.jpeg&apos;);background-size:cover;\" class=\"wp-block-group alignfull has-ast-global-color-4-background-color has-background is-layout-constrained wp-container-core-group-is-layout-6a2cfb7b wp-block-group-is-layout-constrained\" id=\"reviews\">\n<p class=\"has-text-align-center\" style=\"font-size:22px;line-height:1.6\"><\/p>\n\n\n\n<p><\/p>\n<\/div>\n","protected":false},"excerpt":{"rendered":"<p>\u00c9tica Las t\u00e9cnicas y herramientas aprendidas en esta plataforma deben utilizarse \u00fanicamente en entornos autorizados. Respeto No ataque la infraestructura [&hellip;]<\/p>\n","protected":false},"author":1,"featured_media":0,"parent":0,"menu_order":0,"comment_status":"closed","ping_status":"closed","template":"","meta":{"_acf_changed":false,"site-sidebar-layout":"no-sidebar","site-content-layout":"plain-container","ast-site-content-layout":"default","site-content-style":"default","site-sidebar-style":"default","ast-global-header-display":"","ast-banner-title-visibility":"","ast-main-header-display":"","ast-hfb-above-header-display":"","ast-hfb-below-header-display":"","ast-hfb-mobile-header-display":"","site-post-title":"disabled","ast-breadcrumbs-content":"","ast-featured-img":"","footer-sml-layout":"","ast-disable-related-posts":"","theme-transparent-header-meta":"enabled","adv-header-id-meta":"","stick-header-meta":"","header-above-stick-meta":"","header-main-stick-meta":"","header-below-stick-meta":"","astra-migrate-meta-layouts":"default","ast-page-background-enabled":"default","ast-page-background-meta":{"desktop":{"background-color":"var(--ast-global-color-5)","background-image":"","background-repeat":"repeat","background-position":"center center","background-size":"auto","background-attachment":"scroll","background-type":"","background-media":"","overlay-type":"","overlay-color":"","overlay-opacity":"","overlay-gradient":""},"tablet":{"background-color":"","background-image":"","background-repeat":"repeat","background-position":"center center","background-size":"auto","background-attachment":"scroll","background-type":"","background-media":"","overlay-type":"","overlay-color":"","overlay-opacity":"","overlay-gradient":""},"mobile":{"background-color":"","background-image":"","background-repeat":"repeat","background-position":"center center","background-size":"auto","background-attachment":"scroll","background-type":"","background-media":"","overlay-type":"","overlay-color":"","overlay-opacity":"","overlay-gradient":""}},"ast-content-background-meta":{"desktop":{"background-color":"var(--ast-global-color-4)","background-image":"","background-repeat":"repeat","background-position":"center center","background-size":"auto","background-attachment":"scroll","background-type":"","background-media":"","overlay-type":"","overlay-color":"","overlay-opacity":"","overlay-gradient":""},"tablet":{"background-color":"var(--ast-global-color-4)","background-image":"","background-repeat":"repeat","background-position":"center center","background-size":"auto","background-attachment":"scroll","background-type":"","background-media":"","overlay-type":"","overlay-color":"","overlay-opacity":"","overlay-gradient":""},"mobile":{"background-color":"var(--ast-global-color-4)","background-image":"","background-repeat":"repeat","background-position":"center center","background-size":"auto","background-attachment":"scroll","background-type":"","background-media":"","overlay-type":"","overlay-color":"","overlay-opacity":"","overlay-gradient":""}},"footnotes":""},"class_list":["post-10","page","type-page","status-publish","hentry"],"acf":[],"_links":{"self":[{"href":"https:\/\/www.gworks-ec.com\/cloud4u\/wp-json\/wp\/v2\/pages\/10","targetHints":{"allow":["GET"]}}],"collection":[{"href":"https:\/\/www.gworks-ec.com\/cloud4u\/wp-json\/wp\/v2\/pages"}],"about":[{"href":"https:\/\/www.gworks-ec.com\/cloud4u\/wp-json\/wp\/v2\/types\/page"}],"author":[{"embeddable":true,"href":"https:\/\/www.gworks-ec.com\/cloud4u\/wp-json\/wp\/v2\/users\/1"}],"replies":[{"embeddable":true,"href":"https:\/\/www.gworks-ec.com\/cloud4u\/wp-json\/wp\/v2\/comments?post=10"}],"version-history":[{"count":31,"href":"https:\/\/www.gworks-ec.com\/cloud4u\/wp-json\/wp\/v2\/pages\/10\/revisions"}],"predecessor-version":[{"id":279,"href":"https:\/\/www.gworks-ec.com\/cloud4u\/wp-json\/wp\/v2\/pages\/10\/revisions\/279"}],"wp:attachment":[{"href":"https:\/\/www.gworks-ec.com\/cloud4u\/wp-json\/wp\/v2\/media?parent=10"}],"curies":[{"name":"wp","href":"https:\/\/api.w.org\/{rel}","templated":true}]}}